{"id":3149,"date":"2023-12-12T13:10:35","date_gmt":"2023-12-12T12:10:35","guid":{"rendered":"https:\/\/terraessence.de\/imprint\/"},"modified":"2025-09-24T12:09:18","modified_gmt":"2025-09-24T10:09:18","slug":"imprint","status":"publish","type":"page","link":"https:\/\/terraessence.de\/en\/imprint\/","title":{"rendered":"Imprint"},"content":{"rendered":"\t\t<div data-elementor-type=\"wp-page\" data-elementor-id=\"3149\" class=\"elementor elementor-3149 elementor-38\" data-elementor-post-type=\"page\">\n\t\t\t\t<div class=\"elementor-element elementor-element-4099d24 e-flex e-con-boxed e-con e-parent\" data-id=\"4099d24\" data-element_type=\"container\" data-e-type=\"container\">\n\t\t\t\t\t<div class=\"e-con-inner\">\n\t\t\t\t<div class=\"elementor-element elementor-element-b4fced4 elementor-widget elementor-widget-heading\" data-id=\"b4fced4\" data-element_type=\"widget\" data-e-type=\"widget\" data-widget_type=\"heading.default\">\n\t\t\t\t<div class=\"elementor-widget-container\">\n\t\t\t\t\t<h1 class=\"elementor-heading-title elementor-size-default\">Imprint<\/h1>\t\t\t\t<\/div>\n\t\t\t\t<\/div>\n\t\t\t\t\t<\/div>\n\t\t\t\t<\/div>\n\t\t<div class=\"elementor-element elementor-element-6a59555 e-flex e-con-boxed e-con e-parent\" data-id=\"6a59555\" data-element_type=\"container\" data-e-type=\"container\">\n\t\t\t\t\t<div class=\"e-con-inner\">\n\t\t\t\t<div class=\"elementor-element elementor-element-6f86f68 elementor-widget elementor-widget-text-editor\" data-id=\"6f86f68\" data-element_type=\"widget\" data-e-type=\"widget\" data-widget_type=\"text-editor.default\">\n\t\t\t\t<div class=\"elementor-widget-container\">\n\t\t\t\t\t\t\t\t\t<p><strong>Terra Essence Germany GmbH<\/strong><br>Sperberstr. 2<br>68753 Wagh\u00e4usel<\/p>\n<p>Commercial register: HRB 744169<br>VAT ID: DE353508325<br>Register court: Mannheim<\/p>\n<p><strong>Represented by<\/strong><br>Fabian Fallenb\u00fcchel, Stephan Knittel<\/p>\n<p><strong>Contact<\/strong><br>Phone: +497254\/4039545<br>E-Mail: info@terraessence.de<\/p>\t\t\t\t\t\t\t\t<\/div>\n\t\t\t\t<\/div>\n\t\t\t\t\t<\/div>\n\t\t\t\t<\/div>\n\t\t\t\t<\/div>\n\t\t","protected":false},"excerpt":{"rendered":"<p>Imprint Terra Essence Germany GmbHSperberstr. 268753 Wagh\u00e4usel Commercial register: HRB 744169VAT ID: DE353508325Register court: Mannheim Represented byFabian Fallenb\u00fcchel, Stephan Knittel ContactPhone: +497254\/4039545E-Mail: info@terraessence.de<\/p>\n","protected":false},"author":12,"featured_media":0,"parent":0,"menu_order":0,"comment_status":"closed","ping_status":"closed","template":"","meta":{"ocean_post_layout":"full-screen","ocean_both_sidebars_style":"","ocean_both_sidebars_content_width":0,"ocean_both_sidebars_sidebars_width":0,"ocean_sidebar":"0","ocean_second_sidebar":"0","ocean_disable_margins":"enable","ocean_add_body_class":"","ocean_shortcode_before_top_bar":"","ocean_shortcode_after_top_bar":"","ocean_shortcode_before_header":"","ocean_shortcode_after_header":"","ocean_has_shortcode":"","ocean_shortcode_after_title":"","ocean_shortcode_before_footer_widgets":"","ocean_shortcode_after_footer_widgets":"","ocean_shortcode_before_footer_bottom":"","ocean_shortcode_after_footer_bottom":"","ocean_display_top_bar":"default","ocean_display_header":"default","ocean_header_style":"","ocean_center_header_left_menu":"0","ocean_custom_header_template":"0","ocean_custom_logo":0,"ocean_custom_retina_logo":0,"ocean_custom_logo_max_width":0,"ocean_custom_logo_tablet_max_width":0,"ocean_custom_logo_mobile_max_width":0,"ocean_custom_logo_max_height":0,"ocean_custom_logo_tablet_max_height":0,"ocean_custom_logo_mobile_max_height":0,"ocean_header_custom_menu":"0","ocean_menu_typo_font_family":"0","ocean_menu_typo_font_subset":"","ocean_menu_typo_font_size":0,"ocean_menu_typo_font_size_tablet":0,"ocean_menu_typo_font_size_mobile":0,"ocean_menu_typo_font_size_unit":"px","ocean_menu_typo_font_weight":"","ocean_menu_typo_font_weight_tablet":"","ocean_menu_typo_font_weight_mobile":"","ocean_menu_typo_transform":"","ocean_menu_typo_transform_tablet":"","ocean_menu_typo_transform_mobile":"","ocean_menu_typo_line_height":0,"ocean_menu_typo_line_height_tablet":0,"ocean_menu_typo_line_height_mobile":0,"ocean_menu_typo_line_height_unit":"","ocean_menu_typo_spacing":0,"ocean_menu_typo_spacing_tablet":0,"ocean_menu_typo_spacing_mobile":0,"ocean_menu_typo_spacing_unit":"","ocean_menu_link_color":"","ocean_menu_link_color_hover":"","ocean_menu_link_color_active":"","ocean_menu_link_background":"","ocean_menu_link_hover_background":"","ocean_menu_link_active_background":"","ocean_menu_social_links_bg":"","ocean_menu_social_hover_links_bg":"","ocean_menu_social_links_color":"","ocean_menu_social_hover_links_color":"","ocean_disable_title":"on","ocean_disable_heading":"default","ocean_post_title":"","ocean_post_subheading":"","ocean_post_title_style":"","ocean_post_title_background_color":"","ocean_post_title_background":0,"ocean_post_title_bg_image_position":"","ocean_post_title_bg_image_attachment":"","ocean_post_title_bg_image_repeat":"","ocean_post_title_bg_image_size":"","ocean_post_title_height":0,"ocean_post_title_bg_overlay":0.5,"ocean_post_title_bg_overlay_color":"","ocean_disable_breadcrumbs":"default","ocean_breadcrumbs_color":"","ocean_breadcrumbs_separator_color":"","ocean_breadcrumbs_links_color":"","ocean_breadcrumbs_links_hover_color":"","ocean_display_footer_widgets":"default","ocean_display_footer_bottom":"default","ocean_custom_footer_template":"0","footnotes":""},"class_list":["post-3149","page","type-page","status-publish","hentry","entry"],"yoast_head":"<!-- This site is optimized with the Yoast SEO plugin v27.4 - https:\/\/yoast.com\/product\/yoast-seo-wordpress\/ -->\n<title>Imprint - Terra Essence<\/title>\n<meta name=\"description\" content=\"With more than 25 years of experience, Terra Essence is your reliable partner for contract manufacturing, packaging and the provision of high-quality raw material in...\" \/>\n<meta name=\"robots\" content=\"noindex, follow\" \/>\n<meta property=\"og:locale\" content=\"en_US\" \/>\n<meta property=\"og:type\" content=\"article\" \/>\n<meta property=\"og:title\" content=\"Imprint - Terra Essence\" \/>\n<meta property=\"og:description\" content=\"With more than 25 years of experience, Terra Essence is your reliable partner for contract manufacturing, packaging and the provision of high-quality raw material in...\" \/>\n<meta property=\"og:url\" content=\"https:\/\/terraessence.de\/en\/imprint\/\" \/>\n<meta property=\"og:site_name\" content=\"Terra Essence\" \/>\n<meta property=\"article:modified_time\" content=\"2025-09-24T10:09:18+00:00\" \/>\n<meta name=\"twitter:card\" content=\"summary_large_image\" \/>\n<meta name=\"twitter:label1\" content=\"Est. reading time\" \/>\n\t<meta name=\"twitter:data1\" content=\"1 minute\" \/>\n<script type=\"application\/ld+json\" class=\"yoast-schema-graph\">{\"@context\":\"https:\\\/\\\/schema.org\",\"@graph\":[{\"@type\":\"WebPage\",\"@id\":\"https:\\\/\\\/terraessence.de\\\/en\\\/imprint\\\/\",\"url\":\"https:\\\/\\\/terraessence.de\\\/en\\\/imprint\\\/\",\"name\":\"Imprint - Terra Essence\",\"isPartOf\":{\"@id\":\"https:\\\/\\\/terraessence.de\\\/en\\\/#website\"},\"datePublished\":\"2023-12-12T12:10:35+00:00\",\"dateModified\":\"2025-09-24T10:09:18+00:00\",\"description\":\"With more than 25 years of experience, Terra Essence is your reliable partner for contract manufacturing, packaging and the provision of high-quality raw material in...\",\"breadcrumb\":{\"@id\":\"https:\\\/\\\/terraessence.de\\\/en\\\/imprint\\\/#breadcrumb\"},\"inLanguage\":\"en-US\",\"potentialAction\":[{\"@type\":\"ReadAction\",\"target\":[\"https:\\\/\\\/terraessence.de\\\/en\\\/imprint\\\/\"]}]},{\"@type\":\"BreadcrumbList\",\"@id\":\"https:\\\/\\\/terraessence.de\\\/en\\\/imprint\\\/#breadcrumb\",\"itemListElement\":[{\"@type\":\"ListItem\",\"position\":1,\"name\":\"Home\",\"item\":\"https:\\\/\\\/terraessence.de\\\/en\\\/\"},{\"@type\":\"ListItem\",\"position\":2,\"name\":\"Imprint\"}]},{\"@type\":\"WebSite\",\"@id\":\"https:\\\/\\\/terraessence.de\\\/en\\\/#website\",\"url\":\"https:\\\/\\\/terraessence.de\\\/en\\\/\",\"name\":\"Lohnherstellung & Private Label f\u00fcr Nahrungserg\u00e4nzungsmittel\",\"description\":\"Lohnherstellung &amp; Private Label f\u00fcr Nahrungserg\u00e4nzungsmittel\",\"publisher\":{\"@id\":\"https:\\\/\\\/terraessence.de\\\/en\\\/#organization\"},\"potentialAction\":[{\"@type\":\"SearchAction\",\"target\":{\"@type\":\"EntryPoint\",\"urlTemplate\":\"https:\\\/\\\/terraessence.de\\\/en\\\/?s={search_term_string}\"},\"query-input\":{\"@type\":\"PropertyValueSpecification\",\"valueRequired\":true,\"valueName\":\"search_term_string\"}}],\"inLanguage\":\"en-US\"},{\"@type\":\"Organization\",\"@id\":\"https:\\\/\\\/terraessence.de\\\/en\\\/#organization\",\"name\":\"Terra Essence Germany GmbH\",\"url\":\"https:\\\/\\\/terraessence.de\\\/en\\\/\",\"logo\":{\"@type\":\"ImageObject\",\"inLanguage\":\"en-US\",\"@id\":\"https:\\\/\\\/terraessence.de\\\/en\\\/#\\\/schema\\\/logo\\\/image\\\/\",\"url\":\"https:\\\/\\\/terraessence.de\\\/wp-content\\\/uploads\\\/2023\\\/12\\\/Terra_Essence_Logo_RGB_RZ.png\",\"contentUrl\":\"https:\\\/\\\/terraessence.de\\\/wp-content\\\/uploads\\\/2023\\\/12\\\/Terra_Essence_Logo_RGB_RZ.png\",\"width\":2460,\"height\":1988,\"caption\":\"Terra Essence Germany GmbH\"},\"image\":{\"@id\":\"https:\\\/\\\/terraessence.de\\\/en\\\/#\\\/schema\\\/logo\\\/image\\\/\"}}]}<\/script>\n<!-- \/ Yoast SEO plugin. -->","yoast_head_json":{"title":"Imprint - Terra Essence","description":"With more than 25 years of experience, Terra Essence is your reliable partner for contract manufacturing, packaging and the provision of high-quality raw material in...","robots":{"index":"noindex","follow":"follow"},"og_locale":"en_US","og_type":"article","og_title":"Imprint - Terra Essence","og_description":"With more than 25 years of experience, Terra Essence is your reliable partner for contract manufacturing, packaging and the provision of high-quality raw material in...","og_url":"https:\/\/terraessence.de\/en\/imprint\/","og_site_name":"Terra Essence","article_modified_time":"2025-09-24T10:09:18+00:00","twitter_card":"summary_large_image","twitter_misc":{"Est. reading time":"1 minute"},"schema":{"@context":"https:\/\/schema.org","@graph":[{"@type":"WebPage","@id":"https:\/\/terraessence.de\/en\/imprint\/","url":"https:\/\/terraessence.de\/en\/imprint\/","name":"Imprint - Terra Essence","isPartOf":{"@id":"https:\/\/terraessence.de\/en\/#website"},"datePublished":"2023-12-12T12:10:35+00:00","dateModified":"2025-09-24T10:09:18+00:00","description":"With more than 25 years of experience, Terra Essence is your reliable partner for contract manufacturing, packaging and the provision of high-quality raw material in...","breadcrumb":{"@id":"https:\/\/terraessence.de\/en\/imprint\/#breadcrumb"},"inLanguage":"en-US","potentialAction":[{"@type":"ReadAction","target":["https:\/\/terraessence.de\/en\/imprint\/"]}]},{"@type":"BreadcrumbList","@id":"https:\/\/terraessence.de\/en\/imprint\/#breadcrumb","itemListElement":[{"@type":"ListItem","position":1,"name":"Home","item":"https:\/\/terraessence.de\/en\/"},{"@type":"ListItem","position":2,"name":"Imprint"}]},{"@type":"WebSite","@id":"https:\/\/terraessence.de\/en\/#website","url":"https:\/\/terraessence.de\/en\/","name":"Lohnherstellung & Private Label f\u00fcr Nahrungserg\u00e4nzungsmittel","description":"Lohnherstellung &amp; Private Label f\u00fcr Nahrungserg\u00e4nzungsmittel","publisher":{"@id":"https:\/\/terraessence.de\/en\/#organization"},"potentialAction":[{"@type":"SearchAction","target":{"@type":"EntryPoint","urlTemplate":"https:\/\/terraessence.de\/en\/?s={search_term_string}"},"query-input":{"@type":"PropertyValueSpecification","valueRequired":true,"valueName":"search_term_string"}}],"inLanguage":"en-US"},{"@type":"Organization","@id":"https:\/\/terraessence.de\/en\/#organization","name":"Terra Essence Germany GmbH","url":"https:\/\/terraessence.de\/en\/","logo":{"@type":"ImageObject","inLanguage":"en-US","@id":"https:\/\/terraessence.de\/en\/#\/schema\/logo\/image\/","url":"https:\/\/terraessence.de\/wp-content\/uploads\/2023\/12\/Terra_Essence_Logo_RGB_RZ.png","contentUrl":"https:\/\/terraessence.de\/wp-content\/uploads\/2023\/12\/Terra_Essence_Logo_RGB_RZ.png","width":2460,"height":1988,"caption":"Terra Essence Germany GmbH"},"image":{"@id":"https:\/\/terraessence.de\/en\/#\/schema\/logo\/image\/"}}]}},"_links":{"self":[{"href":"https:\/\/terraessence.de\/en\/wp-json\/wp\/v2\/pages\/3149","targetHints":{"allow":["GET"]}}],"collection":[{"href":"https:\/\/terraessence.de\/en\/wp-json\/wp\/v2\/pages"}],"about":[{"href":"https:\/\/terraessence.de\/en\/wp-json\/wp\/v2\/types\/page"}],"author":[{"embeddable":true,"href":"https:\/\/terraessence.de\/en\/wp-json\/wp\/v2\/users\/12"}],"replies":[{"embeddable":true,"href":"https:\/\/terraessence.de\/en\/wp-json\/wp\/v2\/comments?post=3149"}],"version-history":[{"count":14,"href":"https:\/\/terraessence.de\/en\/wp-json\/wp\/v2\/pages\/3149\/revisions"}],"predecessor-version":[{"id":3448,"href":"https:\/\/terraessence.de\/en\/wp-json\/wp\/v2\/pages\/3149\/revisions\/3448"}],"wp:attachment":[{"href":"https:\/\/terraessence.de\/en\/wp-json\/wp\/v2\/media?parent=3149"}],"curies":[{"name":"wp","href":"https:\/\/api.w.org\/{rel}","templated":true}]}}