{"id":3110,"date":"2023-12-12T13:10:04","date_gmt":"2023-12-12T12:10:04","guid":{"rendered":"https:\/\/terraessence.de\/kontakt\/"},"modified":"2026-04-23T15:42:18","modified_gmt":"2026-04-23T13:42:18","slug":"contact","status":"publish","type":"page","link":"https:\/\/terraessence.de\/en\/contact\/","title":{"rendered":"Contact"},"content":{"rendered":"\t\t<div data-elementor-type=\"wp-page\" data-elementor-id=\"3110\" class=\"elementor elementor-3110 elementor-34\" data-elementor-post-type=\"page\">\n\t\t\t\t<div class=\"elementor-element elementor-element-996fa8b e-flex e-con-boxed e-con e-parent\" data-id=\"996fa8b\" data-element_type=\"container\" data-e-type=\"container\" data-settings=\"{&quot;background_background&quot;:&quot;classic&quot;}\">\n\t\t\t\t\t<div class=\"e-con-inner\">\n\t\t\t\t<div class=\"elementor-element elementor-element-adb0b05 elementor-widget elementor-widget-heading\" data-id=\"adb0b05\" data-element_type=\"widget\" data-e-type=\"widget\" data-widget_type=\"heading.default\">\n\t\t\t\t<div class=\"elementor-widget-container\">\n\t\t\t\t\t<h1 class=\"elementor-heading-title elementor-size-default\">Contact<\/h1>\t\t\t\t<\/div>\n\t\t\t\t<\/div>\n\t\t\t\t\t<\/div>\n\t\t\t\t<\/div>\n\t\t<div class=\"elementor-element elementor-element-91b21b8 e-grid e-con-boxed e-con e-parent\" data-id=\"91b21b8\" data-element_type=\"container\" data-e-type=\"container\">\n\t\t\t\t\t<div class=\"e-con-inner\">\n\t\t<div class=\"elementor-element elementor-element-cc6e9f9 e-con-full e-flex e-con e-child\" data-id=\"cc6e9f9\" data-element_type=\"container\" data-e-type=\"container\">\n\t\t\t\t<div class=\"elementor-element elementor-element-5bf259e elementor-view-framed elementor-shape-circle elementor-widget elementor-widget-icon\" data-id=\"5bf259e\" data-element_type=\"widget\" data-e-type=\"widget\" data-widget_type=\"icon.default\">\n\t\t\t\t<div class=\"elementor-widget-container\">\n\t\t\t\t\t\t\t<div class=\"elementor-icon-wrapper\">\n\t\t\t<a class=\"elementor-icon\" href=\"tel:+4972545097990\">\n\t\t\t<svg xmlns=\"http:\/\/www.w3.org\/2000\/svg\" width=\"800px\" height=\"800px\" viewBox=\"0 0 24 24\" fill=\"none\"><path d=\"M14.05 6C15.0268 6.19057 15.9244 6.66826 16.6281 7.37194C17.3318 8.07561 17.8095 8.97326 18 9.95M14.05 2C16.0793 2.22544 17.9716 3.13417 19.4163 4.57701C20.8609 6.01984 21.7721 7.91101 22 9.94M18.5 21C9.93959 21 3 14.0604 3 5.5C3 5.11378 3.01413 4.73086 3.04189 4.35173C3.07375 3.91662 3.08968 3.69907 3.2037 3.50103C3.29814 3.33701 3.4655 3.18146 3.63598 3.09925C3.84181 3 4.08188 3 4.56201 3H7.37932C7.78308 3 7.98496 3 8.15802 3.06645C8.31089 3.12515 8.44701 3.22049 8.55442 3.3441C8.67601 3.48403 8.745 3.67376 8.88299 4.05321L10.0491 7.26005C10.2096 7.70153 10.2899 7.92227 10.2763 8.1317C10.2643 8.31637 10.2012 8.49408 10.0942 8.64506C9.97286 8.81628 9.77145 8.93713 9.36863 9.17882L8 10C9.2019 12.6489 11.3501 14.7999 14 16L14.8212 14.6314C15.0629 14.2285 15.1837 14.0271 15.3549 13.9058C15.5059 13.7988 15.6836 13.7357 15.8683 13.7237C16.0777 13.7101 16.2985 13.7904 16.74 13.9509L19.9468 15.117C20.3262 15.255 20.516 15.324 20.6559 15.4456C20.7795 15.553 20.8749 15.6891 20.9335 15.842C21 16.015 21 16.2169 21 16.6207V19.438C21 19.9181 21 20.1582 20.9007 20.364C20.8185 20.5345 20.663 20.7019 20.499 20.7963C20.3009 20.9103 20.0834 20.9262 19.6483 20.9581C19.2691 20.9859 18.8862 21 18.5 21Z\" stroke=\"#000000\" stroke-width=\"2\" stroke-linecap=\"round\" stroke-linejoin=\"round\"><\/path><\/svg>\t\t\t<\/a>\n\t\t<\/div>\n\t\t\t\t\t\t<\/div>\n\t\t\t\t<\/div>\n\t\t\t\t<div class=\"elementor-element elementor-element-40dce7d elementor-widget elementor-widget-text-editor\" data-id=\"40dce7d\" data-element_type=\"widget\" data-e-type=\"widget\" data-widget_type=\"text-editor.default\">\n\t\t\t\t<div class=\"elementor-widget-container\">\n\t\t\t\t\t\t\t\t\t<p><strong><span class=\"--l --r hover:bg-surface-info-muted hover:text-info-muted\"><span class=\"--l container-target\">By<\/span><\/span> p<span class=\"--l --r hover:bg-surface-info-muted hover:text-info-muted\"><span class=\"container-target\">hone<\/span><\/span><\/strong><br \/>+49 7254 5097990<\/p>\t\t\t\t\t\t\t\t<\/div>\n\t\t\t\t<\/div>\n\t\t\t\t<\/div>\n\t\t<div class=\"elementor-element elementor-element-aff4dfe e-con-full e-flex e-con e-child\" data-id=\"aff4dfe\" data-element_type=\"container\" data-e-type=\"container\">\n\t\t\t\t<div class=\"elementor-element elementor-element-deb46fb elementor-view-framed elementor-shape-circle elementor-widget elementor-widget-icon\" data-id=\"deb46fb\" data-element_type=\"widget\" data-e-type=\"widget\" data-widget_type=\"icon.default\">\n\t\t\t\t<div class=\"elementor-widget-container\">\n\t\t\t\t\t\t\t<div class=\"elementor-icon-wrapper\">\n\t\t\t<a class=\"elementor-icon\" href=\"mailto:info@terraessence.de\">\n\t\t\t<svg xmlns=\"http:\/\/www.w3.org\/2000\/svg\" width=\"800px\" height=\"800px\" viewBox=\"0 0 24 24\" fill=\"none\"><path fill-rule=\"evenodd\" clip-rule=\"evenodd\" d=\"M20 4C21.6569 4 23 5.34315 23 7V17C23 18.6569 21.6569 20 20 20H4C2.34315 20 1 18.6569 1 17V7C1 5.34315 2.34315 4 4 4H20ZM19.2529 6H4.74718L11.3804 11.2367C11.7437 11.5236 12.2563 11.5236 12.6197 11.2367L19.2529 6ZM3 7.1688V17C3 17.5523 3.44772 18 4 18H20C20.5523 18 21 17.5523 21 17V7.16882L13.8589 12.8065C12.769 13.667 11.231 13.667 10.1411 12.8065L3 7.1688Z\" fill=\"#0F0F0F\"><\/path><\/svg>\t\t\t<\/a>\n\t\t<\/div>\n\t\t\t\t\t\t<\/div>\n\t\t\t\t<\/div>\n\t\t\t\t<div class=\"elementor-element elementor-element-587684c elementor-widget elementor-widget-text-editor\" data-id=\"587684c\" data-element_type=\"widget\" data-e-type=\"widget\" data-widget_type=\"text-editor.default\">\n\t\t\t\t<div class=\"elementor-widget-container\">\n\t\t\t\t\t\t\t\t\t<p><strong><span class=\"--l --r hover:bg-surface-info-muted hover:text-info-muted\"><span class=\"container-target\">By<\/span><\/span> e<span class=\"--l --r hover:bg-surface-info-muted hover:text-info-muted\"><span class=\"container-target\">mail<\/span><\/span><\/strong><br><a href=\"mailto:info@terraessence.de\">info@terraessence.de<\/a><\/p>\t\t\t\t\t\t\t\t<\/div>\n\t\t\t\t<\/div>\n\t\t\t\t<\/div>\n\t\t\t\t\t<\/div>\n\t\t\t\t<\/div>\n\t\t<div class=\"elementor-element elementor-element-cffa355 e-flex e-con-boxed e-con e-parent\" data-id=\"cffa355\" data-element_type=\"container\" data-e-type=\"container\">\n\t\t\t\t\t<div class=\"e-con-inner\">\n\t\t\t\t<div class=\"elementor-element elementor-element-5e170b9 elementor-widget elementor-widget-text-editor\" data-id=\"5e170b9\" data-element_type=\"widget\" data-e-type=\"widget\" data-widget_type=\"text-editor.default\">\n\t\t\t\t<div class=\"elementor-widget-container\">\n\t\t\t\t\t\t\t\t\t<p><strong><span class=\"--l --r hover:bg-surface-info-muted hover:text-info-muted\"><span class=\"container-target\">Or<\/span><\/span> <span class=\"--l --r hover:bg-surface-info-muted hover:text-info-muted\"><span class=\"container-target\">for<\/span><\/span> <span class=\"--l --r hover:bg-surface-info-muted hover:text-info-muted\"><span class=\"container-target\">faster<\/span><\/span> <span class=\"--l --r hover:bg-surface-info-muted hover:text-info-muted\"><span class=\"container-target\">processing<\/span><\/span><span class=\"container-target\"> \u2013 <\/span><span class=\"--l --r hover:bg-surface-info-muted hover:text-info-muted\"><span class=\"container-target\">use<\/span><\/span> <span class=\"--l --r hover:bg-surface-info-muted hover:text-info-muted\"><span class=\"container-target\">our<\/span><\/span> <span class=\"--l --r hover:bg-surface-info-muted hover:text-info-muted\"><span class=\"container-target\">form<\/span><\/span><span class=\"--r container-target\">:<\/span><\/strong><\/p>\t\t\t\t\t\t\t\t<\/div>\n\t\t\t\t<\/div>\n\t\t\t\t\t<\/div>\n\t\t\t\t<\/div>\n\t\t<div class=\"elementor-element elementor-element-f8b7b09 e-flex e-con-boxed e-con e-parent\" data-id=\"f8b7b09\" data-element_type=\"container\" data-e-type=\"container\">\n\t\t\t\t\t<div class=\"e-con-inner\">\n\t\t\t\t<div class=\"elementor-element elementor-element-56d0736 elementor-widget elementor-widget-text-editor\" data-id=\"56d0736\" data-element_type=\"widget\" data-e-type=\"widget\" data-widget_type=\"text-editor.default\">\n\t\t\t\t<div class=\"elementor-widget-container\">\n\t\t\t\t\t\t\t\t\t<script src=\"https:\/\/js-eu1.hsforms.net\/forms\/embed\/144686116.js\" defer><span data-mce-type=\"bookmark\" style=\"display: inline-block; width: 0px; overflow: hidden; line-height: 0;\" class=\"mce_SELRES_start\">\ufeff<\/span><\/script>\n<div class=\"hs-form-frame\" data-region=\"eu1\" data-form-id=\"aef8b53a-7a96-4d42-b40e-e4b6181cafcf\" data-portal-id=\"144686116\"><\/div>\t\t\t\t\t\t\t\t<\/div>\n\t\t\t\t<\/div>\n\t\t\t\t\t<\/div>\n\t\t\t\t<\/div>\n\t\t\t\t<\/div>\n\t\t","protected":false},"excerpt":{"rendered":"<p>Contact By phone+49 7254 5097990 By emailinfo@terraessence.de Or for faster processing \u2013 use our form:<\/p>\n","protected":false},"author":12,"featured_media":0,"parent":0,"menu_order":0,"comment_status":"closed","ping_status":"closed","template":"","meta":{"ocean_post_layout":"full-screen","ocean_both_sidebars_style":"","ocean_both_sidebars_content_width":0,"ocean_both_sidebars_sidebars_width":0,"ocean_sidebar":"0","ocean_second_sidebar":"0","ocean_disable_margins":"enable","ocean_add_body_class":"","ocean_shortcode_before_top_bar":"","ocean_shortcode_after_top_bar":"","ocean_shortcode_before_header":"","ocean_shortcode_after_header":"","ocean_has_shortcode":"","ocean_shortcode_after_title":"","ocean_shortcode_before_footer_widgets":"","ocean_shortcode_after_footer_widgets":"","ocean_shortcode_before_footer_bottom":"","ocean_shortcode_after_footer_bottom":"","ocean_display_top_bar":"default","ocean_display_header":"default","ocean_header_style":"","ocean_center_header_left_menu":"0","ocean_custom_header_template":"0","ocean_custom_logo":0,"ocean_custom_retina_logo":0,"ocean_custom_logo_max_width":0,"ocean_custom_logo_tablet_max_width":0,"ocean_custom_logo_mobile_max_width":0,"ocean_custom_logo_max_height":0,"ocean_custom_logo_tablet_max_height":0,"ocean_custom_logo_mobile_max_height":0,"ocean_header_custom_menu":"0","ocean_menu_typo_font_family":"0","ocean_menu_typo_font_subset":"","ocean_menu_typo_font_size":0,"ocean_menu_typo_font_size_tablet":0,"ocean_menu_typo_font_size_mobile":0,"ocean_menu_typo_font_size_unit":"px","ocean_menu_typo_font_weight":"","ocean_menu_typo_font_weight_tablet":"","ocean_menu_typo_font_weight_mobile":"","ocean_menu_typo_transform":"","ocean_menu_typo_transform_tablet":"","ocean_menu_typo_transform_mobile":"","ocean_menu_typo_line_height":0,"ocean_menu_typo_line_height_tablet":0,"ocean_menu_typo_line_height_mobile":0,"ocean_menu_typo_line_height_unit":"","ocean_menu_typo_spacing":0,"ocean_menu_typo_spacing_tablet":0,"ocean_menu_typo_spacing_mobile":0,"ocean_menu_typo_spacing_unit":"","ocean_menu_link_color":"","ocean_menu_link_color_hover":"","ocean_menu_link_color_active":"","ocean_menu_link_background":"","ocean_menu_link_hover_background":"","ocean_menu_link_active_background":"","ocean_menu_social_links_bg":"","ocean_menu_social_hover_links_bg":"","ocean_menu_social_links_color":"","ocean_menu_social_hover_links_color":"","ocean_disable_title":"on","ocean_disable_heading":"default","ocean_post_title":"","ocean_post_subheading":"","ocean_post_title_style":"","ocean_post_title_background_color":"","ocean_post_title_background":0,"ocean_post_title_bg_image_position":"","ocean_post_title_bg_image_attachment":"","ocean_post_title_bg_image_repeat":"","ocean_post_title_bg_image_size":"","ocean_post_title_height":0,"ocean_post_title_bg_overlay":0.5,"ocean_post_title_bg_overlay_color":"","ocean_disable_breadcrumbs":"default","ocean_breadcrumbs_color":"","ocean_breadcrumbs_separator_color":"","ocean_breadcrumbs_links_color":"","ocean_breadcrumbs_links_hover_color":"","ocean_display_footer_widgets":"default","ocean_display_footer_bottom":"default","ocean_custom_footer_template":"0","footnotes":""},"class_list":["post-3110","page","type-page","status-publish","hentry","entry"],"yoast_head":"<!-- This site is optimized with the Yoast SEO plugin v27.4 - https:\/\/yoast.com\/product\/yoast-seo-wordpress\/ -->\n<title>Contact - Terra Essence<\/title>\n<meta name=\"description\" content=\"Simply contact us via our contact form, send us an e-mail or give us a call.\" \/>\n<meta name=\"robots\" content=\"noindex, follow\" \/>\n<meta property=\"og:locale\" content=\"en_US\" \/>\n<meta property=\"og:type\" content=\"article\" \/>\n<meta property=\"og:title\" content=\"Contact - Terra Essence\" \/>\n<meta property=\"og:description\" content=\"Simply contact us via our contact form, send us an e-mail or give us a call.\" \/>\n<meta property=\"og:url\" content=\"https:\/\/terraessence.de\/en\/contact\/\" \/>\n<meta property=\"og:site_name\" content=\"Terra Essence\" \/>\n<meta property=\"article:modified_time\" content=\"2026-04-23T13:42:18+00:00\" \/>\n<meta name=\"twitter:card\" content=\"summary_large_image\" \/>\n<meta name=\"twitter:label1\" content=\"Est. reading time\" \/>\n\t<meta name=\"twitter:data1\" content=\"1 minute\" \/>\n<script type=\"application\/ld+json\" class=\"yoast-schema-graph\">{\"@context\":\"https:\\\/\\\/schema.org\",\"@graph\":[{\"@type\":\"WebPage\",\"@id\":\"https:\\\/\\\/terraessence.de\\\/en\\\/contact\\\/\",\"url\":\"https:\\\/\\\/terraessence.de\\\/en\\\/contact\\\/\",\"name\":\"Contact - Terra Essence\",\"isPartOf\":{\"@id\":\"https:\\\/\\\/terraessence.de\\\/en\\\/#website\"},\"datePublished\":\"2023-12-12T12:10:04+00:00\",\"dateModified\":\"2026-04-23T13:42:18+00:00\",\"description\":\"Simply contact us via our contact form, send us an e-mail or give us a call.\",\"breadcrumb\":{\"@id\":\"https:\\\/\\\/terraessence.de\\\/en\\\/contact\\\/#breadcrumb\"},\"inLanguage\":\"en-US\",\"potentialAction\":[{\"@type\":\"ReadAction\",\"target\":[\"https:\\\/\\\/terraessence.de\\\/en\\\/contact\\\/\"]}]},{\"@type\":\"BreadcrumbList\",\"@id\":\"https:\\\/\\\/terraessence.de\\\/en\\\/contact\\\/#breadcrumb\",\"itemListElement\":[{\"@type\":\"ListItem\",\"position\":1,\"name\":\"Home\",\"item\":\"https:\\\/\\\/terraessence.de\\\/en\\\/\"},{\"@type\":\"ListItem\",\"position\":2,\"name\":\"Contact\"}]},{\"@type\":\"WebSite\",\"@id\":\"https:\\\/\\\/terraessence.de\\\/en\\\/#website\",\"url\":\"https:\\\/\\\/terraessence.de\\\/en\\\/\",\"name\":\"Lohnherstellung & Private Label f\u00fcr Nahrungserg\u00e4nzungsmittel\",\"description\":\"Lohnherstellung &amp; Private Label f\u00fcr Nahrungserg\u00e4nzungsmittel\",\"publisher\":{\"@id\":\"https:\\\/\\\/terraessence.de\\\/en\\\/#organization\"},\"potentialAction\":[{\"@type\":\"SearchAction\",\"target\":{\"@type\":\"EntryPoint\",\"urlTemplate\":\"https:\\\/\\\/terraessence.de\\\/en\\\/?s={search_term_string}\"},\"query-input\":{\"@type\":\"PropertyValueSpecification\",\"valueRequired\":true,\"valueName\":\"search_term_string\"}}],\"inLanguage\":\"en-US\"},{\"@type\":\"Organization\",\"@id\":\"https:\\\/\\\/terraessence.de\\\/en\\\/#organization\",\"name\":\"Terra Essence Germany GmbH\",\"url\":\"https:\\\/\\\/terraessence.de\\\/en\\\/\",\"logo\":{\"@type\":\"ImageObject\",\"inLanguage\":\"en-US\",\"@id\":\"https:\\\/\\\/terraessence.de\\\/en\\\/#\\\/schema\\\/logo\\\/image\\\/\",\"url\":\"https:\\\/\\\/terraessence.de\\\/wp-content\\\/uploads\\\/2023\\\/12\\\/Terra_Essence_Logo_RGB_RZ.png\",\"contentUrl\":\"https:\\\/\\\/terraessence.de\\\/wp-content\\\/uploads\\\/2023\\\/12\\\/Terra_Essence_Logo_RGB_RZ.png\",\"width\":2460,\"height\":1988,\"caption\":\"Terra Essence Germany GmbH\"},\"image\":{\"@id\":\"https:\\\/\\\/terraessence.de\\\/en\\\/#\\\/schema\\\/logo\\\/image\\\/\"}}]}<\/script>\n<!-- \/ Yoast SEO plugin. -->","yoast_head_json":{"title":"Contact - Terra Essence","description":"Simply contact us via our contact form, send us an e-mail or give us a call.","robots":{"index":"noindex","follow":"follow"},"og_locale":"en_US","og_type":"article","og_title":"Contact - Terra Essence","og_description":"Simply contact us via our contact form, send us an e-mail or give us a call.","og_url":"https:\/\/terraessence.de\/en\/contact\/","og_site_name":"Terra Essence","article_modified_time":"2026-04-23T13:42:18+00:00","twitter_card":"summary_large_image","twitter_misc":{"Est. reading time":"1 minute"},"schema":{"@context":"https:\/\/schema.org","@graph":[{"@type":"WebPage","@id":"https:\/\/terraessence.de\/en\/contact\/","url":"https:\/\/terraessence.de\/en\/contact\/","name":"Contact - Terra Essence","isPartOf":{"@id":"https:\/\/terraessence.de\/en\/#website"},"datePublished":"2023-12-12T12:10:04+00:00","dateModified":"2026-04-23T13:42:18+00:00","description":"Simply contact us via our contact form, send us an e-mail or give us a call.","breadcrumb":{"@id":"https:\/\/terraessence.de\/en\/contact\/#breadcrumb"},"inLanguage":"en-US","potentialAction":[{"@type":"ReadAction","target":["https:\/\/terraessence.de\/en\/contact\/"]}]},{"@type":"BreadcrumbList","@id":"https:\/\/terraessence.de\/en\/contact\/#breadcrumb","itemListElement":[{"@type":"ListItem","position":1,"name":"Home","item":"https:\/\/terraessence.de\/en\/"},{"@type":"ListItem","position":2,"name":"Contact"}]},{"@type":"WebSite","@id":"https:\/\/terraessence.de\/en\/#website","url":"https:\/\/terraessence.de\/en\/","name":"Lohnherstellung & Private Label f\u00fcr Nahrungserg\u00e4nzungsmittel","description":"Lohnherstellung &amp; Private Label f\u00fcr Nahrungserg\u00e4nzungsmittel","publisher":{"@id":"https:\/\/terraessence.de\/en\/#organization"},"potentialAction":[{"@type":"SearchAction","target":{"@type":"EntryPoint","urlTemplate":"https:\/\/terraessence.de\/en\/?s={search_term_string}"},"query-input":{"@type":"PropertyValueSpecification","valueRequired":true,"valueName":"search_term_string"}}],"inLanguage":"en-US"},{"@type":"Organization","@id":"https:\/\/terraessence.de\/en\/#organization","name":"Terra Essence Germany GmbH","url":"https:\/\/terraessence.de\/en\/","logo":{"@type":"ImageObject","inLanguage":"en-US","@id":"https:\/\/terraessence.de\/en\/#\/schema\/logo\/image\/","url":"https:\/\/terraessence.de\/wp-content\/uploads\/2023\/12\/Terra_Essence_Logo_RGB_RZ.png","contentUrl":"https:\/\/terraessence.de\/wp-content\/uploads\/2023\/12\/Terra_Essence_Logo_RGB_RZ.png","width":2460,"height":1988,"caption":"Terra Essence Germany GmbH"},"image":{"@id":"https:\/\/terraessence.de\/en\/#\/schema\/logo\/image\/"}}]}},"_links":{"self":[{"href":"https:\/\/terraessence.de\/en\/wp-json\/wp\/v2\/pages\/3110","targetHints":{"allow":["GET"]}}],"collection":[{"href":"https:\/\/terraessence.de\/en\/wp-json\/wp\/v2\/pages"}],"about":[{"href":"https:\/\/terraessence.de\/en\/wp-json\/wp\/v2\/types\/page"}],"author":[{"embeddable":true,"href":"https:\/\/terraessence.de\/en\/wp-json\/wp\/v2\/users\/12"}],"replies":[{"embeddable":true,"href":"https:\/\/terraessence.de\/en\/wp-json\/wp\/v2\/comments?post=3110"}],"version-history":[{"count":39,"href":"https:\/\/terraessence.de\/en\/wp-json\/wp\/v2\/pages\/3110\/revisions"}],"predecessor-version":[{"id":5232,"href":"https:\/\/terraessence.de\/en\/wp-json\/wp\/v2\/pages\/3110\/revisions\/5232"}],"wp:attachment":[{"href":"https:\/\/terraessence.de\/en\/wp-json\/wp\/v2\/media?parent=3110"}],"curies":[{"name":"wp","href":"https:\/\/api.w.org\/{rel}","templated":true}]}}